{"id":432,"date":"2022-09-30T10:24:42","date_gmt":"2022-09-30T08:24:42","guid":{"rendered":"https:\/\/trafebe.org\/politica-de-privadesa\/"},"modified":"2023-05-30T10:18:33","modified_gmt":"2023-05-30T08:18:33","slug":"politica-de-privadesa","status":"publish","type":"page","link":"https:\/\/trafebe.org\/ca\/politica-de-privadesa\/","title":{"rendered":"Pol\u00edtica de privadesa"},"content":{"rendered":"<section class=\"l-section wpb_row height_large\"><div class=\"l-section-h i-cf\"><div class=\"g-cols vc_row via_flex valign_top type_default stacking_default\"><div class=\"vc_col-sm-12 wpb_column vc_column_container\"><div class=\"vc_column-inner\"><div class=\"wpb_wrapper\">[vc_custom_heading text=&#8221;Pol\u00edtica de privadesa&#8221; font_container=&#8221;tag:h1|text_align:left&#8221; use_theme_fonts=&#8221;yes&#8221;]<div class=\"wpb_text_column\"><div class=\"wpb_wrapper\"><p><strong>Informaci\u00f3 sobre la nostra pol\u00edtica de protecci\u00f3 de dades i pol\u00edtica de privadesa:<\/strong><\/p>\n<p>Transports Fernandez i Belmonte S.L. compleix amb les obligacions imposades al Reglament (UE) 2016\/679 del Parlament Europeu i del Consell, de 27 d&#8217;abril de 2016, relatiu a la protecci\u00f3 de les persones f\u00edsiques i la Llei Org\u00e0nica 3\/2018, de 5 de desembre, de Protecci\u00f3 de Dades Personals i garantia dels drets digitals, pel que fa al tractament de dades personals i la resta de legislaci\u00f3 que li sigui aplicable, aix\u00ed com la normativa vigent en cada moment que sigui aplicable, garantint l&#8217;observan\u00e7a de totes les obligacions i drets dels afectats quant al tractament de dades personals. Aix\u00ed mateix, donant compliment al que disposa la Llei 34\/2002, d&#8217;11 de juliol, de Serveis de la Societat de la Informaci\u00f3 i de Comer\u00e7 Electr\u00f2nic, Transports Fernandez I Belmonte S.L. sol\u00b7licitar\u00e0 a l&#8217;usuari consentiment previ per a l&#8217;enviament de comunicacions comercials, en cas que tingueren lloc, observant igualment totes les obligacions i drets dels usuaris.<\/p>\n<p>En virtut de l&#8217;anterior, s&#8217;informar\u00e0 els usuaris que vulguin fer \u00fas dels diferents serveis oferts per Transportes Fernandez i Belmonte S.L. de la informaci\u00f3 corresponent a la identificaci\u00f3 del responsable del fitxer, finalitats del tractament de les vostres dades, aix\u00ed com de la possibilitat d&#8217;exercir els drets d&#8217;acc\u00e9s, rectificaci\u00f3, cancel\u00b7laci\u00f3 i oposici\u00f3 davant del responsable del fitxer, tot aix\u00f2 mitjan\u00e7ant la lectura i pr\u00e8via acceptaci\u00f3 de la pol\u00edtica de privadesa de l&#8217;entitat, quedant degudament informats.<\/p>\n<h2>1. Responsable del tractament de dades<\/h2>\n<p><strong>Transportes Fernandez Y Belmonte S.L.<\/strong><br \/>\nCIF: B60240165<br \/>\nTlf: 93 836 17 01<br \/>\nCalle Viladomat, 8, Suria, 08260, Barcelona<br \/>\nEmail: trafico@trafebe.org<br \/>\nRegistre Mercantil de DADES DE REGISTRE<\/p>\n<h2>2. Finalitat del tractament de dades<\/h2>\n<p>La finalitat principal del tractament de les vostres dades personals es correspon a la possibilitat d&#8217;entaular comunicacions amb vosaltres a fi d&#8217;atendre la vostra sol\u00b7licitud de contacte pel formulari habilitat amb aquesta finalitat, o b\u00e9 per atendre la relaci\u00f3 comercial que sol\u00b7liciteu Les vostres dades personals seran conservades per al tractament en els nostres sistemes mentre es mantingui la relaci\u00f3 amb la nostra entitat.<\/p>\n<p>Addicionalment, en cas d&#8217;haver-ho autoritzat expressament, les seves dades seran tractades per tal de poder remetre-li per qualsevol mitj\u00e0, inclosos els electr\u00f2nics, comunicacions comercials informant-lo sobre els diferents productes i\/o serveis oferts Transportes Fernandez i Belmonte S.L.<\/p>\n<p>Podr\u00e0 revocar els consentiments atorgats a la seva simple sol\u00b7licitud adre\u00e7ant-se a Transportes Fernandez i Belmonte S.L. a qualsevol de les adreces referenciades al punt 1 de la present cl\u00e0usula, en qu\u00e8 s&#8217;indiquen les dades de contacte de l&#8217;entitat.<\/p>\n<h2>3. Legitimaci\u00f3 per al tractament de les vostres dades<\/h2>\n<p>El tractament de les vostres dades per a la finalitat principal es troba legitimat en base a la relaci\u00f3 contractual establerta entre les parts, i per a la finalitat addicional en el consentiment per vost\u00e8 prestat utilitzant els formularis de contacte destinats a tal fi per Transportes Fernandez I Belmonte S.L., per a aix\u00f2 haur\u00e0 d&#8217;haver-nos proporcionat les dades requerides als camps obligatoris, \u00e9s a dir, les seves dades identificatives i de contacte, sense les quals no podrem gestionar la seva petici\u00f3.<\/p>\n<p>En facilitar-nos les seves dades, declara que vost\u00e8 n&#8217;\u00e9s titular, que s\u00f3n veraces i es troben totalment actualitzats. Les dades recollides al formulari s\u00f3n adequades, pertinents i no excessives en relaci\u00f3 a les finalitats del seu tractament, d&#8217;acord amb el que indica el punt 2 de la present cl\u00e0usula. De mateix, el Transports Fernandez i Belmonte S.L. cancel\u00b7lar\u00e0 o rectificar\u00e0 les dades quan resultin inexactes, incomplets o hagin deixat de ser necess\u00e0ries o pertinents per a la seva finalitat.<\/p>\n<p>En virtut d&#8217;aix\u00f2, les dades seran conservades per al tractament en els nostres sistemes mentre es mantingui aquesta relaci\u00f3 amb la finalitat indicada o b\u00e9 per motius leg\u00edtims imperiosos, o l&#8217;exercici o la defensa de possibles reclamacions. Un cop cessada l&#8217;obligaci\u00f3 de conservaci\u00f3, les vostres dades podran ser eliminades de la nostra base de dades o, si escau, anonimitzades.<\/p>\n<p>El tractament de les dades per tal de remetre butlletins electr\u00f2nics sobre serveis, esdeveniments i not\u00edcies relacionades amb la nostra activitat professional, es basa en l&#8217;inter\u00e8s leg\u00edtim de Transports Fernandez i Belmonte S.L. per dur a terme aquests tractaments dacord amb la normativa vigent. Les vostres dades es mantindran mentre existeixi la relaci\u00f3 comercial, el seu inter\u00e8s i no existeixi revocaci\u00f3 per part seva.<\/p>\n<h2>4. Destinataris de les vostres dades<\/h2>\n<p>Hi pot haver cessions entre les entitats de les quals \u00e9s titular Transportes Fernandez i Belmonte S.L. en nom de l&#8217;inter\u00e8s leg\u00edtim corporatiu, per poder prestar els serveis sol\u00b7licitats. No se cediran dades a altres tercers, llevat d&#8217;obligaci\u00f3 legal. No tindran lloc transfer\u00e8ncies internacionals de dades, amb l&#8217;excepci\u00f3 que el Transports Fernandez i Belmonte S.L. pugui contractar els serveis de prove\u00efdors ubicats a tercers pa\u00efsos, previ compliment de tots els requisits establerts per la normativa de protecci\u00f3 de dades i aplicant les garanties i salvaguardes necess\u00e0ries per preservar la privadesa de les dades. Per a m\u00e9s informaci\u00f3 sobre les garanties a la privadesa, podeu adre\u00e7ar-vos a la nostra entitat, a les adreces indicades al punt 1.<\/p>\n<h2>5. Drets dels afectats<\/h2>\n<p>Despr\u00e9s de facilitar-nos les vostres dades personals, us informem dels drets que podreu exercitar davant Transportes Fernandez I Belmonte S.L. a les adreces posades a la seva disposici\u00f3 al punt 1 de la present cl\u00e0usula, i que li assisteixen:<\/p>\n<p>T\u00e9 dret a accedir a totes les dades personals que estigui en possessi\u00f3 del Transports Fernandez i Belmonte S.L., aix\u00ed com sol\u00b7licitar-ne la modificaci\u00f3 o la supressi\u00f3.<\/p>\n<p>Podr\u00e0 sol\u00b7licitar-nos que limitem el tractament de les seves dades, cas en qu\u00e8 nom\u00e9s les conservarem per a l&#8217;exercici o la defensa de reclamacions.<\/p>\n<p>Podreu oposar-vos al tractament de les vostres dades personals, per la qual cosa el Transports Fernandez i Belmonte S.L. deixar\u00e0 de tractar les dades excepte per motius leg\u00edtims imperiosos, o l&#8217;exercici o la defensa de possibles reclamacions.<\/p>\n<p>Podr\u00e0 sol\u00b7licitar la portabilitat de les seves dades personals, en aquest cas us enviarem les dades personals que figurin a les nostres bases de dades per correu electr\u00f2nic a l&#8217;adre\u00e7a que ens proporcioni a la vostra sol\u00b7licitud, en format text, llegible i adaptable a les necessitats de qualsevol altre responsable del tractament, o b\u00e9 procedirem a la seva transmissi\u00f3 al nou responsable del tractament en el mateix format, a l&#8217;adre\u00e7a de correu electr\u00f2nic que ens indiqui a la seva sol\u00b7licitud.<\/p>\n<p>Teniu dret a no ser objecte d&#8217;una decisi\u00f3 basada \u00fanicament en el tractament de dades automatitzades, inclosa l&#8217;elaboraci\u00f3 de perfils.<\/p>\n<p>Tamb\u00e9 podr\u00e0 retirar o revocar els consentiments que hagi prestat de manera expressa, indicant-ho a la seva sol\u00b7licitud.<\/p>\n<p>Els drets dels afectats, podran exercir directament l&#8217;interessat, aportant fotoc\u00f2pia del DNI o document equivalent, a fi d&#8217;acreditar la seva identitat o b\u00e9 mitjan\u00e7ant representaci\u00f3 legal o volunt\u00e0ria, i en aquest cas haur\u00e0 d&#8217;aportar-se a m\u00e9s de fotoc\u00f2pia del DNI o document equivalent de l&#8217;interessat , el document acreditatiu aut\u00e8ntic de la representaci\u00f3 del tercer juntament amb la seva fotoc\u00f2pia del DNI o document equivalent.<\/p>\n<h2>6. Reclamacions<\/h2>\n<p>Si considereu que el tractament de les vostres dades personals vulnera la normativa o el que disposa aquesta cl\u00e0usula, podeu presentar una reclamaci\u00f3 davant l&#8217;Ag\u00e8ncia Espanyola de Protecci\u00f3 de Dades, que \u00e9s l&#8217;autoritat de control competent en la protecci\u00f3 de les vostres dades personals, a trav\u00e9s de la seva seu electr\u00f2nica o de la seva adre\u00e7a postal que podreu consultar a la web www.agpd.es.<\/p>\n<p>*** Si les consideracions detallades en aquesta Pol\u00edtica de Privadesa no s\u00f3n de la seva conformitat, preguem no faci \u00fas del Portal, ja que qualsevol \u00fas que faci del mateix o dels serveis i continguts en ell inclosos implicar\u00e0 l&#8217;acceptaci\u00f3 dels termes legals recollits en aquest text.<\/p>\n<p>Les condicions i termes que es recullen en aquesta Pol\u00edtica de Privadesa poden variar, per la qual cosa us convidem a que reviseu aquests termes quan visiteu de nou el Portal. Aix\u00ed mateix, aquesta Pol\u00edtica de Privadesa s&#8217;entendr\u00e0 sense perjudici de qualssevol altres Condicions Generals, i particulars, que regulin l&#8217;acc\u00e9s a continguts i serveis concrets dins del Portal.<\/p>\n<p>L&#8217;usuari reconeix i accepta les condicions d&#8217;\u00fas del Portal i es compromet a utilitzar-lo de conformitat amb aquest. Aix\u00ed mateix, a fer un \u00fas adequat dels serveis i continguts del Portal ia no fer-los servir per realitzar activitats constitutives de delicte o il\u00b7l\u00edcites.<\/p>\n<p>Transports Fernandez i Belmonte S.L. pot utilitzar galetes quan un usuari navega pels seus llocs i p\u00e0gines web. Podeu consultar la nostra <a href=\"https:\/\/trafebe.org\/ca\/politica-de-cookies\/\">Pol\u00edtica de cookies<\/a>.<\/p>\n<\/div><\/div><\/div><\/div><\/div><\/div><\/div><\/section>\n","protected":false},"excerpt":{"rendered":"[vc_custom_heading text=\"Pol\u00edtica de privadesa\" font_container=\"tag:h1|text_align:left\" use_theme_fonts=\"yes\"]Informaci\u00f3 sobre la nostra pol\u00edtica de protecci\u00f3 de dades i pol\u00edtica de privadesa: Transports Fernandez i Belmonte S.L. compleix amb les obligacions imposades al Reglament (UE) 2016\/679 del Parlament Europeu i del Consell, de 27 d&#8217;abril de 2016, relatiu a la protecci\u00f3 de les persones f\u00edsiques i la Llei Org\u00e0nica...","protected":false},"author":1,"featured_media":0,"parent":0,"menu_order":0,"comment_status":"closed","ping_status":"open","template":"","meta":{"footnotes":""},"class_list":["post-432","page","type-page","status-publish","hentry"],"yoast_head":"<!-- This site is optimized with the Yoast SEO plugin v20.8 - https:\/\/yoast.com\/wordpress\/plugins\/seo\/ -->\n<title>Pol\u00edtica de privadesa - Trafebe<\/title>\n<meta name=\"robots\" content=\"noindex, follow\" \/>\n<meta property=\"og:locale\" content=\"ca_ES\" \/>\n<meta property=\"og:type\" content=\"article\" \/>\n<meta property=\"og:title\" content=\"Pol\u00edtica de privadesa - Trafebe\" \/>\n<meta property=\"og:url\" content=\"https:\/\/trafebe.org\/ca\/politica-de-privadesa\/\" \/>\n<meta property=\"og:site_name\" content=\"Trafebe\" \/>\n<meta property=\"article:modified_time\" content=\"2023-05-30T08:18:33+00:00\" \/>\n<meta property=\"og:image\" content=\"https:\/\/trafebe.org\/wp-content\/uploads\/2023\/04\/logo.png\" \/>\n\t<meta property=\"og:image:width\" content=\"250\" \/>\n\t<meta property=\"og:image:height\" content=\"82\" \/>\n\t<meta property=\"og:image:type\" content=\"image\/png\" \/>\n<meta name=\"twitter:card\" content=\"summary_large_image\" \/>\n<meta name=\"twitter:label1\" content=\"Temps estimat de lectura\" \/>\n\t<meta name=\"twitter:data1\" content=\"7 minuts\" \/>\n<script type=\"application\/ld+json\" class=\"yoast-schema-graph\">{\"@context\":\"https:\/\/schema.org\",\"@graph\":[{\"@type\":\"WebPage\",\"@id\":\"https:\/\/trafebe.org\/ca\/politica-de-privadesa\/\",\"url\":\"https:\/\/trafebe.org\/ca\/politica-de-privadesa\/\",\"name\":\"Pol\u00edtica de privadesa - Trafebe\",\"isPartOf\":{\"@id\":\"https:\/\/trafebe.org\/ca\/#website\"},\"datePublished\":\"2022-09-30T08:24:42+00:00\",\"dateModified\":\"2023-05-30T08:18:33+00:00\",\"breadcrumb\":{\"@id\":\"https:\/\/trafebe.org\/ca\/politica-de-privadesa\/#breadcrumb\"},\"inLanguage\":\"ca\",\"potentialAction\":[{\"@type\":\"ReadAction\",\"target\":[\"https:\/\/trafebe.org\/ca\/politica-de-privadesa\/\"]}]},{\"@type\":\"BreadcrumbList\",\"@id\":\"https:\/\/trafebe.org\/ca\/politica-de-privadesa\/#breadcrumb\",\"itemListElement\":[{\"@type\":\"ListItem\",\"position\":1,\"name\":\"Portada\",\"item\":\"https:\/\/trafebe.org\/ca\/\"},{\"@type\":\"ListItem\",\"position\":2,\"name\":\"Pol\u00edtica de privadesa\"}]},{\"@type\":\"WebSite\",\"@id\":\"https:\/\/trafebe.org\/ca\/#website\",\"url\":\"https:\/\/trafebe.org\/ca\/\",\"name\":\"Trafebe Transporte de mercanc\u00edas\",\"description\":\"\",\"publisher\":{\"@id\":\"https:\/\/trafebe.org\/ca\/#organization\"},\"potentialAction\":[{\"@type\":\"SearchAction\",\"target\":{\"@type\":\"EntryPoint\",\"urlTemplate\":\"https:\/\/trafebe.org\/ca\/?s={search_term_string}\"},\"query-input\":\"required name=search_term_string\"}],\"inLanguage\":\"ca\"},{\"@type\":\"Organization\",\"@id\":\"https:\/\/trafebe.org\/ca\/#organization\",\"name\":\"Trafebe Transporte de mercanc\u00edas\",\"url\":\"https:\/\/trafebe.org\/ca\/\",\"logo\":{\"@type\":\"ImageObject\",\"inLanguage\":\"ca\",\"@id\":\"https:\/\/trafebe.org\/ca\/#\/schema\/logo\/image\/\",\"url\":\"https:\/\/trafebe.org\/wp-content\/uploads\/2023\/04\/logo.png\",\"contentUrl\":\"https:\/\/trafebe.org\/wp-content\/uploads\/2023\/04\/logo.png\",\"width\":250,\"height\":82,\"caption\":\"Trafebe Transporte de mercanc\u00edas\"},\"image\":{\"@id\":\"https:\/\/trafebe.org\/ca\/#\/schema\/logo\/image\/\"}}]}<\/script>\n<!-- \/ Yoast SEO plugin. -->","yoast_head_json":{"title":"Pol\u00edtica de privadesa - Trafebe","robots":{"index":"noindex","follow":"follow"},"og_locale":"ca_ES","og_type":"article","og_title":"Pol\u00edtica de privadesa - Trafebe","og_url":"https:\/\/trafebe.org\/ca\/politica-de-privadesa\/","og_site_name":"Trafebe","article_modified_time":"2023-05-30T08:18:33+00:00","og_image":[{"width":250,"height":82,"url":"https:\/\/trafebe.org\/wp-content\/uploads\/2023\/04\/logo.png","type":"image\/png"}],"twitter_card":"summary_large_image","twitter_misc":{"Temps estimat de lectura":"7 minuts"},"schema":{"@context":"https:\/\/schema.org","@graph":[{"@type":"WebPage","@id":"https:\/\/trafebe.org\/ca\/politica-de-privadesa\/","url":"https:\/\/trafebe.org\/ca\/politica-de-privadesa\/","name":"Pol\u00edtica de privadesa - Trafebe","isPartOf":{"@id":"https:\/\/trafebe.org\/ca\/#website"},"datePublished":"2022-09-30T08:24:42+00:00","dateModified":"2023-05-30T08:18:33+00:00","breadcrumb":{"@id":"https:\/\/trafebe.org\/ca\/politica-de-privadesa\/#breadcrumb"},"inLanguage":"ca","potentialAction":[{"@type":"ReadAction","target":["https:\/\/trafebe.org\/ca\/politica-de-privadesa\/"]}]},{"@type":"BreadcrumbList","@id":"https:\/\/trafebe.org\/ca\/politica-de-privadesa\/#breadcrumb","itemListElement":[{"@type":"ListItem","position":1,"name":"Portada","item":"https:\/\/trafebe.org\/ca\/"},{"@type":"ListItem","position":2,"name":"Pol\u00edtica de privadesa"}]},{"@type":"WebSite","@id":"https:\/\/trafebe.org\/ca\/#website","url":"https:\/\/trafebe.org\/ca\/","name":"Trafebe Transporte de mercanc\u00edas","description":"","publisher":{"@id":"https:\/\/trafebe.org\/ca\/#organization"},"potentialAction":[{"@type":"SearchAction","target":{"@type":"EntryPoint","urlTemplate":"https:\/\/trafebe.org\/ca\/?s={search_term_string}"},"query-input":"required name=search_term_string"}],"inLanguage":"ca"},{"@type":"Organization","@id":"https:\/\/trafebe.org\/ca\/#organization","name":"Trafebe Transporte de mercanc\u00edas","url":"https:\/\/trafebe.org\/ca\/","logo":{"@type":"ImageObject","inLanguage":"ca","@id":"https:\/\/trafebe.org\/ca\/#\/schema\/logo\/image\/","url":"https:\/\/trafebe.org\/wp-content\/uploads\/2023\/04\/logo.png","contentUrl":"https:\/\/trafebe.org\/wp-content\/uploads\/2023\/04\/logo.png","width":250,"height":82,"caption":"Trafebe Transporte de mercanc\u00edas"},"image":{"@id":"https:\/\/trafebe.org\/ca\/#\/schema\/logo\/image\/"}}]}},"_links":{"self":[{"href":"https:\/\/trafebe.org\/ca\/wp-json\/wp\/v2\/pages\/432","targetHints":{"allow":["GET"]}}],"collection":[{"href":"https:\/\/trafebe.org\/ca\/wp-json\/wp\/v2\/pages"}],"about":[{"href":"https:\/\/trafebe.org\/ca\/wp-json\/wp\/v2\/types\/page"}],"author":[{"embeddable":true,"href":"https:\/\/trafebe.org\/ca\/wp-json\/wp\/v2\/users\/1"}],"replies":[{"embeddable":true,"href":"https:\/\/trafebe.org\/ca\/wp-json\/wp\/v2\/comments?post=432"}],"version-history":[{"count":2,"href":"https:\/\/trafebe.org\/ca\/wp-json\/wp\/v2\/pages\/432\/revisions"}],"predecessor-version":[{"id":434,"href":"https:\/\/trafebe.org\/ca\/wp-json\/wp\/v2\/pages\/432\/revisions\/434"}],"wp:attachment":[{"href":"https:\/\/trafebe.org\/ca\/wp-json\/wp\/v2\/media?parent=432"}],"curies":[{"name":"wp","href":"https:\/\/api.w.org\/{rel}","templated":true}]}}