{"id":429,"date":"2022-09-30T13:48:17","date_gmt":"2022-09-30T11:48:17","guid":{"rendered":"https:\/\/trafebe.org\/politica-de-cookies\/"},"modified":"2023-05-30T10:18:48","modified_gmt":"2023-05-30T08:18:48","slug":"politica-de-cookies","status":"publish","type":"page","link":"https:\/\/trafebe.org\/ca\/politica-de-cookies\/","title":{"rendered":"Pol\u00edtica de cookies"},"content":{"rendered":"<section class=\"l-section wpb_row height_large\"><div class=\"l-section-h i-cf\"><div class=\"g-cols vc_row via_flex valign_top type_default stacking_default\"><div class=\"vc_col-sm-12 wpb_column vc_column_container\"><div class=\"vc_column-inner\"><div class=\"wpb_wrapper\">[vc_custom_heading text=&#8221;Pol\u00edtica de cookies&#8221; font_container=&#8221;tag:h1|text_align:left&#8221; use_theme_fonts=&#8221;yes&#8221;]<div class=\"wpb_text_column\"><div class=\"wpb_wrapper\"><p>En compliment amb all\u00f2 establert amb la Llei de Serveis de la informaci\u00f3 i del Comer\u00e7 Electr\u00f2nic, i en adequaci\u00f3 amb la Directiva Europea 2009\/136\/CE, i les revisions del Comit\u00e8 Europeu a les Directrius 05\/2020 sobre consentiment https:\/\/trafebe .solbyte.dev procedeix a informar-vos de l&#8217;\u00fas de cookies, aix\u00ed com que vost\u00e8 presta el consentiment a la continuaci\u00f3 d&#8217;aquest \u00fas pel sol fet de seguir navegant en aquest portal web.<\/p>\n<p>Cookies s\u00f3n petits fitxers que es descarreguen i s&#8217;emmagatzemen a l&#8217;equip d&#8217;un usuari en accedir a determinades webs, per tal d&#8217;emmagatzemar la informaci\u00f3 de la navegaci\u00f3 per facilitar-la, reconeixent l&#8217;equip, el navegador\u2026 O recopilant dades amb finalitats estad\u00edstiques. En cap cas no es tracta de virus o sistemes perjudicials per a l&#8217;usuari.<\/p>\n<p>Mitjan\u00e7ant l&#8217;acceptaci\u00f3 de l&#8217;anunci de galetes que apareix al comen\u00e7ament de la navegaci\u00f3 al lloc web o mitjan\u00e7ant la configuraci\u00f3 de les galetes d&#8217;aquest lloc, acceptes de manera expressa la utilitzaci\u00f3 d&#8217;aquestes galetes als teus dispositius. Si desactiveu les galetes, \u00e9s possible que la vostra navegaci\u00f3 pel lloc web no sigui \u00f2ptima i algunes de les utilitats de qu\u00e8 disposa el lloc web no funcionin correctament.<\/p>\n<h2>Tipus de cookies (font Ag\u00e8ncia Espanyola de Protecci\u00f3 de Dades)<\/h2>\n<h3>1. Tipus de galetes segons l&#8217;entitat que les gestioni.<\/h3>\n<p>Segons qui sigui l&#8217;entitat que gestioni l&#8217;equip o el domini des d&#8217;on s&#8217;envien les cookies i tracti les dades que s&#8217;obtinguin, podem distingir:<\/p>\n<p><u>&#8211; Cookies pr\u00f2pies:<\/u> S\u00f3n aquelles que s&#8217;envien a l&#8217;equip terminal de l&#8217;usuari des d&#8217;un equip o domini gestionat pel mateix editor i des del qual es presta el servei sol\u00b7licitat per l&#8217;usuari.<\/p>\n<p><u>\u2013 Cookies de tercer:<\/u> S\u00f3n aquelles que s&#8217;envien a l&#8217;equip terminal de l&#8217;usuari des d&#8217;un equip o domini que no \u00e9s gestionat per l&#8217;editor, sin\u00f3 per una altra entitat que tracta les dades obtingudes a trav\u00e9s de les cookies.<\/p>\n<p>En el cas que les cookies siguin instal\u00b7lades des d&#8217;un equip o domini gestionat pel mateix editor per\u00f2 la informaci\u00f3 que es reculli mitjan\u00e7ant aquestes sigui gestionada per un tercer, no poden ser considerades com a cookies pr\u00f2pies.<\/p>\n<h3>2. Tipus de cookies segons el termini de temps que romanen activades<\/h3>\n<p>Segons el termini de temps que romanen activades a l&#8217;equip terminal podem <u>distingir:<\/u><\/p>\n<p><u>\u2013 Cookies de sessi\u00f3:<\/u> S\u00f3n un tipus de galetes dissenyades per a demanar i emmagatzemar dades mentre l&#8217;usuari accedeix a una p\u00e0gina web.<\/p>\n<p>Se solen emprar per emmagatzemar informaci\u00f3 que nom\u00e9s interessa conservar per a la prestaci\u00f3 del servei sol\u00b7licitat per l&#8217;usuari en una sola ocasi\u00f3 (per exemple, una llista de productes adquirits).<\/p>\n<p><u>\u2013 Cookies persistents<\/u>: S\u00f3n un tipus de cookies en qu\u00e8 les dades segueixen emmagatzemades al terminal i poden ser accedides i tractades durant un per\u00edode definit pel responsable de la galeta, i que pot anar d&#8217;uns minuts a diversos anys.<\/p>\n<h3>3. Tipus de cookies segons la finalitat<\/h3>\n<p>Segons la finalitat per a la qual es tractin les dades obtingudes a trav\u00e9s de les cookies, podem distingir entre:<\/p>\n<p>\u2013 <u>Cookies t\u00e8cniques:<\/u> S\u00f3n aquelles que permeten a l&#8217;usuari la navegaci\u00f3 a trav\u00e9s d&#8217;una p\u00e0gina web, plataforma o aplicaci\u00f3 i la utilitzaci\u00f3 de les diferents opcions o serveis que hi hagi com, per exemple, controlar el tr\u00e0nsit i la comunicaci\u00f3 de dades, identificar la sessi\u00f3, accedir a parts d&#8217;acc\u00e9s restringit, recordar els elements que integren una comanda, fer el proc\u00e9s de compra d&#8217;una comanda, fer la sol\u00b7licitud d&#8217;inscripci\u00f3 o participaci\u00f3 en un esdeveniment, utilitzar elements de seguretat durant la navegaci\u00f3, emmagatzemar continguts per a la difusi\u00f3 de v\u00eddeos o so o compartir continguts a trav\u00e9s de xarxes socials.<\/p>\n<p><u>\u2013 Cookies de personalitzaci\u00f3:<\/u> S\u00f3n aquelles que permeten a l&#8217;usuari accedir al servei amb algunes caracter\u00edstiques de car\u00e0cter general predefinides en funci\u00f3 d&#8217;una s\u00e8rie de criteris al terminal de l&#8217;usuari com ara serien l&#8217;idioma, el tipus de navegador a trav\u00e9s del qual accedeix al servei, la configuraci\u00f3 regional des d&#8217;on accedix al servei, etc.<\/p>\n<p><u>\u2013 Cookies d&#8217;an\u00e0lisi:<\/u> S\u00f3n aquelles que permeten al responsable de les mateixes, el seguiment i an\u00e0lisi del comportament dels usuaris dels llocs web a qu\u00e8 estan vinculades. La informaci\u00f3 recollida mitjan\u00e7ant aquest tipus de cookies s&#8217;utilitza en el mesurament de l&#8217;activitat dels llocs web, aplicaci\u00f3 o plataforma i per a l&#8217;elaboraci\u00f3 de perfils de navegaci\u00f3 dels usuaris d&#8217;aquests llocs, aplicacions i plataformes, per introduir millores a funci\u00f3 de lan\u00e0lisi de les dades d\u00fas que fan els usuaris del servei.<\/p>\n<p>Concretament, Transports Fernandez i Belmonte S.L. utilitzeu les galetes per a les finalitats que s&#8217;exposen a continuaci\u00f3. Si en un futur s&#8217;utilitzessin altres tecnologies amb el prop\u00f2sit d&#8217;atorgar m\u00e9s i millors serveis, se n&#8217;informar\u00e0 l&#8217;usuari.<\/p>\n<h3>4. Cookies T\u00e8cniques<\/h3>\n<p>Les galetes t\u00e8cniques s\u00f3n essencials perqu\u00e8 et puguis moure per una p\u00e0gina web i utilitzar les seves funcions. De manera general, aquestes galetes habiliten les diferents funcions de la p\u00e0gina web, fan que la teva navegaci\u00f3 sigui m\u00e9s segura o aporten funcionalitats que s\u00f3n pr\u00e8viament sol\u00b7licitades per l&#8217;usuari. En ser necess\u00e0ries per al funcionament del lloc, aquestes galetes per defecte estaran activades i no podran denegar-se.<\/p>\n<p>Aquest lloc web utilitza cookies t\u00e8cniques necess\u00e0ries per:<\/p>\n<ul>\n<li>garantir una navegaci\u00f3 segura i sense interrupcions pel nostre lloc web;<\/li>\n<li>desar les prefer\u00e8ncies de l&#8217;usuari pel que fa a la configuraci\u00f3, acceptaci\u00f3 o rebuig de les galetes del lloc.<\/li>\n<li>Compartir el contingut (com articles i entrades del bloc) a les diferents xarxes socials (com Twitter o Facebook).<\/li>\n<\/ul>\n<h3>5. Cookies Anal\u00edtiques<\/h3>\n<p>Aquestes cookies permeten fer un seguiment i an\u00e0lisi del comportament dels usuaris que naveguen al lloc web. La informaci\u00f3 recollida mitjan\u00e7ant aquest tipus de galetes s&#8217;utilitza en el mesurament de l&#8217;activitat dels llocs web, aplicaci\u00f3 o plataforma, per introduir millores en funci\u00f3 de l&#8217;an\u00e0lisi de les dades d&#8217;\u00fas que fan els usuaris del servei.<\/p>\n<h2>Cookies utilitzant Transports Fernandez i Belmonte S.L.<\/h2>\n<table class=\"table\">\n<thead>\n<tr>\n<th>COOKIE<\/th>\n<th>FINALITAT<\/th>\n<th>PROPIETARI<\/th>\n<\/tr>\n<\/thead>\n<tbody>\n<tr>\n<td>NID<\/td>\n<td>Recollir informaci\u00f3 per al cercador de Google incl\u00f2s a la web (Google CSE). Inclou l\u00fas de Google Maps. Cookies persistents.<\/td>\n<td>Cookie de Google. +info: http:\/\/www.google.es\/intl\/es\/policies\/technologies\/types\/<\/td>\n<\/tr>\n<tr>\n<td>_ga, _gat, _gid, _secure_3PAPSID, _secure_3PSID<\/td>\n<td>Cookies utilitzada per Google Analytics que cont\u00e9 un identificador an\u00f2nim usat per distingir usuaris. S\u00f3n de car\u00e0cter anal\u00edtic i estad\u00edstic. Durada: _ga: 2 anys\/ _gat:10 minuts\/ _gid:24 h\/ __SEGURE 3PAPSID 18 mesos\/ __SECURE 3PISID 1 any;<\/td>\n<td rowspan=\"2\">GOOGLE ANALYTICS: eina que ajuda els propietaris de llocs web a mesurar com interactuen els usuaris amb el contingut del lloc. Google Analytics, un servei anal\u00edtic de web prestat per Google, Inc. amb domicili als Estats Units amb seu central el 1600 Amphitheatre Parkway, Mountain View, Calif\u00f2rnia 94043. Per a la prestaci\u00f3 d&#8217;aquests serveis, aquests utilitzen galetes que recopilen la informaci\u00f3, inclosa l&#8217;adre\u00e7a IP de l&#8217;usuari, que ser\u00e0 transmesa, tractada i emmagatzemada per Google en els termes fixats al web Google.com. Incloent la possible transmissi\u00f3 de la informaci\u00f3 a tercers per raons de Gat_gtag_UA Inclou informaci\u00f3 de la campanya relativa a l&#8217;usuari. Si heu enlla\u00e7at els vostres comptes de Google Analytics i AdWords, les etiquetes de conversi\u00f3 de llocs web llegiran aquesta galeta, llevat que la inhabiliteu. Durada de 90 dies exig\u00e8ncia legal o quan aquests tercers processin la informaci\u00f3 per compte de Google<\/td>\n<\/tr>\n<tr>\n<td>Gat_gtag_UA<\/td>\n<td>Inclou informaci\u00f3 sobre la campanya relativa a l&#8217;usuari. Si heu enlla\u00e7at els vostres comptes de Google Analytics i AdWords, les etiquetes de conversi\u00f3 de llocs web llegiran aquesta galeta, llevat que la inhabiliteu. Durada de 90 dies<\/td>\n<td><\/td>\n<\/tr>\n<tr>\n<td>Optanonalertboxclosed, optanonconsent, SBvirtudtelf, Eupubsonsent<\/td>\n<td>Galetes instal\u00b7lades pel m\u00f2dul de gesti\u00f3 de galetes, que s&#8217;utilitzen per emmagatzemar i determinar les seleccions de l&#8217;usuari. Durada un any<\/td>\n<td>ONE TURST: https:\/\/www.onetrust.com\/privacy\/<\/td>\n<\/tr>\n<\/tbody>\n<\/table>\n<h2>Control d&#8217;esborrament de cookies<\/h2>\n<p>Amb el m\u00f2dul de configuraci\u00f3 de galetes, tens la possibilitat de rebutjar o acceptar galetes que requereixin del teu consentiment. Tamb\u00e9 pots bloquejar i eliminar galetes canviant la configuraci\u00f3 del teu navegador. Per administrar les galetes, la majoria dels navegadors permeten rebutjar o acceptar totes les galetes o nom\u00e9s acceptar certs tipus de galetes. El proc\u00e9s per a la gesti\u00f3 i eliminaci\u00f3 de cookies es pot trobar a la funci\u00f3 d&#8217;ajuda integrada al navegador. Si voleu limitar l&#8217;\u00fas de cookies, no podreu utilitzar totes les funcions interactives del nostre lloc web.<\/p>\n<p>De la mateixa manera, pots permetre, bloquejar o eliminar les cookies instal\u00b7lades al teu equip mitjan\u00e7ant la configuraci\u00f3 de les opcions del navegador instal\u00b7lat al teu ordinador:<\/p>\n<p>Firefox: https:\/\/support.mozilla.org\/es\/kb\/habilitar-y-deshabilitar-cookies-sitios-web\u2026<\/p>\n<p>Chrome: https:\/\/support.google.com\/accounts\/answer\/61416?hl=es<\/p>\n<p>Explorer: https:\/\/support.microsoft.com\/es-es\/help\/17442\/windows-internet-explorer-dele<\/p>\n<p>Safari: https:\/\/support.apple.com\/es-es\/guide\/safari\/sfri11471\/mac<\/p>\n<p>Opera: https:\/\/help.opera.com\/Windows\/11.50\/es-ES\/cookies.html<\/p>\n<\/div><\/div><\/div><\/div><\/div><\/div><\/div><\/section>\n","protected":false},"excerpt":{"rendered":"[vc_custom_heading text=\"Pol\u00edtica de cookies\" font_container=\"tag:h1|text_align:left\" use_theme_fonts=\"yes\"]En compliment amb all\u00f2 establert amb la Llei de Serveis de la informaci\u00f3 i del Comer\u00e7 Electr\u00f2nic, i en adequaci\u00f3 amb la Directiva Europea 2009\/136\/CE, i les revisions del Comit\u00e8 Europeu a les Directrius 05\/2020 sobre consentiment https:\/\/trafebe .solbyte.dev procedeix a informar-vos de l&#8217;\u00fas de cookies, aix\u00ed com que vost\u00e8...","protected":false},"author":1,"featured_media":0,"parent":0,"menu_order":0,"comment_status":"closed","ping_status":"open","template":"","meta":{"footnotes":""},"class_list":["post-429","page","type-page","status-publish","hentry"],"yoast_head":"<!-- This site is optimized with the Yoast SEO plugin v20.8 - https:\/\/yoast.com\/wordpress\/plugins\/seo\/ -->\n<title>Pol\u00edtica de cookies - Trafebe<\/title>\n<meta name=\"robots\" content=\"noindex, follow\" \/>\n<meta property=\"og:locale\" content=\"ca_ES\" \/>\n<meta property=\"og:type\" content=\"article\" \/>\n<meta property=\"og:title\" content=\"Pol\u00edtica de cookies - Trafebe\" \/>\n<meta property=\"og:url\" content=\"https:\/\/trafebe.org\/ca\/politica-de-cookies\/\" \/>\n<meta property=\"og:site_name\" content=\"Trafebe\" \/>\n<meta property=\"article:modified_time\" content=\"2023-05-30T08:18:48+00:00\" \/>\n<meta property=\"og:image\" content=\"https:\/\/trafebe.org\/wp-content\/uploads\/2023\/04\/logo.png\" \/>\n\t<meta property=\"og:image:width\" content=\"250\" \/>\n\t<meta property=\"og:image:height\" content=\"82\" \/>\n\t<meta property=\"og:image:type\" content=\"image\/png\" \/>\n<meta name=\"twitter:card\" content=\"summary_large_image\" \/>\n<meta name=\"twitter:label1\" content=\"Temps estimat de lectura\" \/>\n\t<meta name=\"twitter:data1\" content=\"7 minuts\" \/>\n<script type=\"application\/ld+json\" class=\"yoast-schema-graph\">{\"@context\":\"https:\/\/schema.org\",\"@graph\":[{\"@type\":\"WebPage\",\"@id\":\"https:\/\/trafebe.org\/ca\/politica-de-cookies\/\",\"url\":\"https:\/\/trafebe.org\/ca\/politica-de-cookies\/\",\"name\":\"Pol\u00edtica de cookies - Trafebe\",\"isPartOf\":{\"@id\":\"https:\/\/trafebe.org\/ca\/#website\"},\"datePublished\":\"2022-09-30T11:48:17+00:00\",\"dateModified\":\"2023-05-30T08:18:48+00:00\",\"breadcrumb\":{\"@id\":\"https:\/\/trafebe.org\/ca\/politica-de-cookies\/#breadcrumb\"},\"inLanguage\":\"ca\",\"potentialAction\":[{\"@type\":\"ReadAction\",\"target\":[\"https:\/\/trafebe.org\/ca\/politica-de-cookies\/\"]}]},{\"@type\":\"BreadcrumbList\",\"@id\":\"https:\/\/trafebe.org\/ca\/politica-de-cookies\/#breadcrumb\",\"itemListElement\":[{\"@type\":\"ListItem\",\"position\":1,\"name\":\"Portada\",\"item\":\"https:\/\/trafebe.org\/ca\/\"},{\"@type\":\"ListItem\",\"position\":2,\"name\":\"Pol\u00edtica de cookies\"}]},{\"@type\":\"WebSite\",\"@id\":\"https:\/\/trafebe.org\/ca\/#website\",\"url\":\"https:\/\/trafebe.org\/ca\/\",\"name\":\"Trafebe Transporte de mercanc\u00edas\",\"description\":\"\",\"publisher\":{\"@id\":\"https:\/\/trafebe.org\/ca\/#organization\"},\"potentialAction\":[{\"@type\":\"SearchAction\",\"target\":{\"@type\":\"EntryPoint\",\"urlTemplate\":\"https:\/\/trafebe.org\/ca\/?s={search_term_string}\"},\"query-input\":\"required name=search_term_string\"}],\"inLanguage\":\"ca\"},{\"@type\":\"Organization\",\"@id\":\"https:\/\/trafebe.org\/ca\/#organization\",\"name\":\"Trafebe Transporte de mercanc\u00edas\",\"url\":\"https:\/\/trafebe.org\/ca\/\",\"logo\":{\"@type\":\"ImageObject\",\"inLanguage\":\"ca\",\"@id\":\"https:\/\/trafebe.org\/ca\/#\/schema\/logo\/image\/\",\"url\":\"https:\/\/trafebe.org\/wp-content\/uploads\/2023\/04\/logo.png\",\"contentUrl\":\"https:\/\/trafebe.org\/wp-content\/uploads\/2023\/04\/logo.png\",\"width\":250,\"height\":82,\"caption\":\"Trafebe Transporte de mercanc\u00edas\"},\"image\":{\"@id\":\"https:\/\/trafebe.org\/ca\/#\/schema\/logo\/image\/\"}}]}<\/script>\n<!-- \/ Yoast SEO plugin. -->","yoast_head_json":{"title":"Pol\u00edtica de cookies - Trafebe","robots":{"index":"noindex","follow":"follow"},"og_locale":"ca_ES","og_type":"article","og_title":"Pol\u00edtica de cookies - Trafebe","og_url":"https:\/\/trafebe.org\/ca\/politica-de-cookies\/","og_site_name":"Trafebe","article_modified_time":"2023-05-30T08:18:48+00:00","og_image":[{"width":250,"height":82,"url":"https:\/\/trafebe.org\/wp-content\/uploads\/2023\/04\/logo.png","type":"image\/png"}],"twitter_card":"summary_large_image","twitter_misc":{"Temps estimat de lectura":"7 minuts"},"schema":{"@context":"https:\/\/schema.org","@graph":[{"@type":"WebPage","@id":"https:\/\/trafebe.org\/ca\/politica-de-cookies\/","url":"https:\/\/trafebe.org\/ca\/politica-de-cookies\/","name":"Pol\u00edtica de cookies - Trafebe","isPartOf":{"@id":"https:\/\/trafebe.org\/ca\/#website"},"datePublished":"2022-09-30T11:48:17+00:00","dateModified":"2023-05-30T08:18:48+00:00","breadcrumb":{"@id":"https:\/\/trafebe.org\/ca\/politica-de-cookies\/#breadcrumb"},"inLanguage":"ca","potentialAction":[{"@type":"ReadAction","target":["https:\/\/trafebe.org\/ca\/politica-de-cookies\/"]}]},{"@type":"BreadcrumbList","@id":"https:\/\/trafebe.org\/ca\/politica-de-cookies\/#breadcrumb","itemListElement":[{"@type":"ListItem","position":1,"name":"Portada","item":"https:\/\/trafebe.org\/ca\/"},{"@type":"ListItem","position":2,"name":"Pol\u00edtica de cookies"}]},{"@type":"WebSite","@id":"https:\/\/trafebe.org\/ca\/#website","url":"https:\/\/trafebe.org\/ca\/","name":"Trafebe Transporte de mercanc\u00edas","description":"","publisher":{"@id":"https:\/\/trafebe.org\/ca\/#organization"},"potentialAction":[{"@type":"SearchAction","target":{"@type":"EntryPoint","urlTemplate":"https:\/\/trafebe.org\/ca\/?s={search_term_string}"},"query-input":"required name=search_term_string"}],"inLanguage":"ca"},{"@type":"Organization","@id":"https:\/\/trafebe.org\/ca\/#organization","name":"Trafebe Transporte de mercanc\u00edas","url":"https:\/\/trafebe.org\/ca\/","logo":{"@type":"ImageObject","inLanguage":"ca","@id":"https:\/\/trafebe.org\/ca\/#\/schema\/logo\/image\/","url":"https:\/\/trafebe.org\/wp-content\/uploads\/2023\/04\/logo.png","contentUrl":"https:\/\/trafebe.org\/wp-content\/uploads\/2023\/04\/logo.png","width":250,"height":82,"caption":"Trafebe Transporte de mercanc\u00edas"},"image":{"@id":"https:\/\/trafebe.org\/ca\/#\/schema\/logo\/image\/"}}]}},"_links":{"self":[{"href":"https:\/\/trafebe.org\/ca\/wp-json\/wp\/v2\/pages\/429","targetHints":{"allow":["GET"]}}],"collection":[{"href":"https:\/\/trafebe.org\/ca\/wp-json\/wp\/v2\/pages"}],"about":[{"href":"https:\/\/trafebe.org\/ca\/wp-json\/wp\/v2\/types\/page"}],"author":[{"embeddable":true,"href":"https:\/\/trafebe.org\/ca\/wp-json\/wp\/v2\/users\/1"}],"replies":[{"embeddable":true,"href":"https:\/\/trafebe.org\/ca\/wp-json\/wp\/v2\/comments?post=429"}],"version-history":[{"count":2,"href":"https:\/\/trafebe.org\/ca\/wp-json\/wp\/v2\/pages\/429\/revisions"}],"predecessor-version":[{"id":431,"href":"https:\/\/trafebe.org\/ca\/wp-json\/wp\/v2\/pages\/429\/revisions\/431"}],"wp:attachment":[{"href":"https:\/\/trafebe.org\/ca\/wp-json\/wp\/v2\/media?parent=429"}],"curies":[{"name":"wp","href":"https:\/\/api.w.org\/{rel}","templated":true}]}}