{"id":426,"date":"2022-09-30T13:44:00","date_gmt":"2022-09-30T11:44:00","guid":{"rendered":"https:\/\/trafebe.org\/avis-legal\/"},"modified":"2023-05-30T10:18:40","modified_gmt":"2023-05-30T08:18:40","slug":"avis-legal","status":"publish","type":"page","link":"https:\/\/trafebe.org\/ca\/avis-legal\/","title":{"rendered":"Av\u00eds legal"},"content":{"rendered":"<section class=\"l-section wpb_row height_large\"><div class=\"l-section-h i-cf\"><div class=\"g-cols vc_row via_flex valign_top type_default stacking_default\"><div class=\"vc_col-sm-12 wpb_column vc_column_container\"><div class=\"vc_column-inner\"><div class=\"wpb_wrapper\">[vc_custom_heading text=&#8221;Av\u00eds legal&#8221; font_container=&#8221;tag:h1|text_align:left&#8221; use_theme_fonts=&#8221;yes&#8221;]<div class=\"wpb_text_column\"><div class=\"wpb_wrapper\"><p>Per donar compliment al que estableix la Llei 34\/2002 d&#8217;11 de juliol, de serveis de la societat de la informaci\u00f3 i de comer\u00e7 electr\u00f2nic (LSSICE), a continuaci\u00f3 s&#8217;indiquen les dades d&#8217;informaci\u00f3 general del lloc web https:\/\/trafebe .solbyte.dev<\/p>\n<h2>1. Entitat<\/h2>\n<p><strong>Transportes Fernandez Y Belmonte S.L.<\/strong><br \/>\nCIF: B60240165<br \/>\nTlf: 93 836 17 01<br \/>\nCalle Viladomat, 8, Suria, 08260, Barcelona<br \/>\nDADES DE REGISTRE<br \/>\nEmail: trafico@trafebe.org<\/p>\n<h2>2. Utilitzaci\u00f3 del Lloc Web<\/h2>\n<p>El lloc web \u00e9s ofert amb fins promocionals, informant sobre els diferents serveis oferts per Transportes Fernandez I Belmonte S.L., empresa dedicada a prestar serveis de Transport mercaderies per carretera.<\/p>\n<p>Transportes Fernandez i Belmonte S.L., podr\u00e0 deixar de prestar els serveis d&#8217;informaci\u00f3 oferts en aquest lloc web sense mediar cap comunicaci\u00f3 amb l&#8217;usuari, cosa que no comportar\u00e0 cap obligaci\u00f3 legal envers el mateix o tercers.<\/p>\n<h2>3. Privadesa<\/h2>\n<p>La informaci\u00f3 que Transportes Fernandez i Belmonte S.L. pugui demanar dels usuaris d&#8217;aquest lloc web s&#8217;utilitzar\u00e0 exclusivament per facilitar als interessats que aix\u00ed ho sol\u00b7licitessin informaci\u00f3 i\/o per contestar totes les consultes que consider\u00e9s oportunes l&#8217;usuari.<\/p>\n<p>Per a m\u00e9s informaci\u00f3 consulteu la nostra Pol\u00edtica de Privadesa.<\/p>\n<h2>4. Enlla\u00e7os a Tercers<\/h2>\n<p>En el cas d&#8217;enlla\u00e7os a llocs de tercers, l&#8217;usuari passar\u00e0 a estar regit pels Termes d&#8217;\u00das i Pol\u00edtica de Privadesa del nou lloc, acceptant que Transportes Fernandez i Belmonte S.L., no ser\u00e0 responsable ni tindr\u00e0 obligaci\u00f3 legal per l&#8217;\u00fas d&#8217;aquests llocs .<\/p>\n<h2>5. Propietat intel\u00b7lectual<\/h2>\n<p>Transports Fernandez i Belmonte S.L., per si mateix o com a cessionari o llicenciatari, \u00e9s titular de tots els drets de propietat intel\u00b7lectual i industrial dels elements que componen aquest lloc web, i queden aix\u00ed tots els drets reservats. Queden expressament prohibides conductes com la reproducci\u00f3, distribuci\u00f3 i comunicaci\u00f3 p\u00fablica, inclosa la seva modalitat de posada a disposici\u00f3 total o parcial dels continguts d&#8217;aquesta web per a fins comercials d&#8217;acord amb els articles 8 i 21 de la Llei de propietat intel\u00b7lectual.<\/p>\n<p>L&#8217;usuari\/\u00e0ria del web en tot cas pot visualitzar els elements i els continguts d&#8217;aquest web i podr\u00e0 imprimir-los, emmagatzemar-los i fins i tot copiar-los en qualsevol suport, sempre que es destinin a \u00fas estrictament personal i d&#8217;\u00e0mbit privat.<\/p>\n<h2>6. Condicions d&#8217;\u00fas i responsabilitat<\/h2>\n<p>L&#8217;usuari del web de Transports Fernandez i Belmonte S.L. es compromet a fer-ne un \u00fas d&#8217;acord amb la legalitat, la moral i l&#8217;ordre p\u00fablic d&#8217;aquesta web.<\/p>\n<p>Que podem concretar en comportaments seg\u00fcents que l&#8217;usuari haur\u00e0 d&#8217;abstenir de realitzar:<\/p>\n<p>\u00das no autoritzat o amb fins fraudulents del lloc web.<br \/>\nIntentar accessos no autoritzats pel seu titular leg\u00edtim.<br \/>\nQualsevol \u00fas del portal web amb fins il\u00b7l\u00edcits, o lesius per a tercers o amb intenci\u00f3 de perjudicar el lloc i la resta d&#8217;usuaris del mateix.<br \/>\nProduir qualsevol dany als sistemes que aquesta web pogu\u00e9s tenir instal\u00b7lats per al seu funcionament.<\/p>\n<p>El titular de Transports Fernandez i Belmonte S.L., nom\u00e9s ser\u00e0 responsable d&#8217;aquells continguts creats i agregats per ell mateix, no d&#8217;enlla\u00e7os que poguessin incorporar tercers, o aquells externs que redirigeixen a una altra web que sens dubte no en controla l&#8217;alteraci\u00f3.<br \/>\nEl propietari, es reserva el dret de realitzar totes les alteracions que consideri oportunes sense av\u00eds previ, tant dels seus continguts com dels serveis que ofereix. A m\u00e9s, es reserva el dret d&#8217;aprovar o retirar continguts que no consideri oportuns afegits per tercers.<\/p>\n<h2>7. Modificacions dels Termes d&#8217;\u00das<\/h2>\n<p>Transportes Fernandez Y Belmonte S.L., es reserva el dret de modificar els seus termes d&#8217;\u00fas i Pol\u00edtica de Privadesa quan ho consideri adequat. L&#8217;usuari s&#8217;obliga a revisar el contingut d&#8217;aquests termes d&#8217;\u00fas, ja que aquests poden ser modificats sense av\u00eds previ. Aix\u00ed mateix, compr\u00e8n i accepta totes i cadascuna de les cl\u00e0usules contingudes al present document. \u00c9s de tota la responsabilitat de l&#8217;usuari revisar els termes abans esmentats.<\/p>\n<h2>8. Llei aplicable i jurisdicci\u00f3<\/h2>\n<p>La llei aplicable en cas de disputa o conflicte dinterpretaci\u00f3 dels termes que conformen aquest Av\u00eds Legal, aix\u00ed com qualsevol q\u00fcesti\u00f3 relacionada amb els serveis del present Portal, ser\u00e0 la llei espanyola.<br \/>\nPer a la resoluci\u00f3 de qualsevol conflicte que pugui sorgir en ocasi\u00f3 de la visita al Portal o de l&#8217;\u00fas dels continguts que s&#8217;hi puguin publicar, aquests es dirimiran als Jutjats i Tribunals que corresponguin.<\/p>\n<\/div><\/div><\/div><\/div><\/div><\/div><\/div><\/section>\n","protected":false},"excerpt":{"rendered":"[vc_custom_heading text=\"Av\u00eds legal\" font_container=\"tag:h1|text_align:left\" use_theme_fonts=\"yes\"]Per donar compliment al que estableix la Llei 34\/2002 d&#8217;11 de juliol, de serveis de la societat de la informaci\u00f3 i de comer\u00e7 electr\u00f2nic (LSSICE), a continuaci\u00f3 s&#8217;indiquen les dades d&#8217;informaci\u00f3 general del lloc web https:\/\/trafebe .solbyte.dev 1. Entitat Transportes Fernandez Y Belmonte S.L. CIF: B60240165 Tlf: 93 836 17 01...","protected":false},"author":1,"featured_media":0,"parent":0,"menu_order":0,"comment_status":"closed","ping_status":"open","template":"","meta":{"footnotes":""},"class_list":["post-426","page","type-page","status-publish","hentry"],"yoast_head":"<!-- This site is optimized with the Yoast SEO plugin v20.8 - https:\/\/yoast.com\/wordpress\/plugins\/seo\/ -->\n<title>Av\u00eds legal - Trafebe<\/title>\n<meta name=\"robots\" content=\"noindex, follow\" \/>\n<meta property=\"og:locale\" content=\"ca_ES\" \/>\n<meta property=\"og:type\" content=\"article\" \/>\n<meta property=\"og:title\" content=\"Av\u00eds legal - Trafebe\" \/>\n<meta property=\"og:url\" content=\"https:\/\/trafebe.org\/ca\/avis-legal\/\" \/>\n<meta property=\"og:site_name\" content=\"Trafebe\" \/>\n<meta property=\"article:modified_time\" content=\"2023-05-30T08:18:40+00:00\" \/>\n<meta property=\"og:image\" content=\"https:\/\/trafebe.org\/wp-content\/uploads\/2023\/04\/logo.png\" \/>\n\t<meta property=\"og:image:width\" content=\"250\" \/>\n\t<meta property=\"og:image:height\" content=\"82\" \/>\n\t<meta property=\"og:image:type\" content=\"image\/png\" \/>\n<meta name=\"twitter:card\" content=\"summary_large_image\" \/>\n<meta name=\"twitter:label1\" content=\"Temps estimat de lectura\" \/>\n\t<meta name=\"twitter:data1\" content=\"4 minuts\" \/>\n<script type=\"application\/ld+json\" class=\"yoast-schema-graph\">{\"@context\":\"https:\/\/schema.org\",\"@graph\":[{\"@type\":\"WebPage\",\"@id\":\"https:\/\/trafebe.org\/ca\/avis-legal\/\",\"url\":\"https:\/\/trafebe.org\/ca\/avis-legal\/\",\"name\":\"Av\u00eds legal - Trafebe\",\"isPartOf\":{\"@id\":\"https:\/\/trafebe.org\/ca\/#website\"},\"datePublished\":\"2022-09-30T11:44:00+00:00\",\"dateModified\":\"2023-05-30T08:18:40+00:00\",\"breadcrumb\":{\"@id\":\"https:\/\/trafebe.org\/ca\/avis-legal\/#breadcrumb\"},\"inLanguage\":\"ca\",\"potentialAction\":[{\"@type\":\"ReadAction\",\"target\":[\"https:\/\/trafebe.org\/ca\/avis-legal\/\"]}]},{\"@type\":\"BreadcrumbList\",\"@id\":\"https:\/\/trafebe.org\/ca\/avis-legal\/#breadcrumb\",\"itemListElement\":[{\"@type\":\"ListItem\",\"position\":1,\"name\":\"Portada\",\"item\":\"https:\/\/trafebe.org\/ca\/\"},{\"@type\":\"ListItem\",\"position\":2,\"name\":\"Av\u00eds legal\"}]},{\"@type\":\"WebSite\",\"@id\":\"https:\/\/trafebe.org\/ca\/#website\",\"url\":\"https:\/\/trafebe.org\/ca\/\",\"name\":\"Trafebe Transporte de mercanc\u00edas\",\"description\":\"\",\"publisher\":{\"@id\":\"https:\/\/trafebe.org\/ca\/#organization\"},\"potentialAction\":[{\"@type\":\"SearchAction\",\"target\":{\"@type\":\"EntryPoint\",\"urlTemplate\":\"https:\/\/trafebe.org\/ca\/?s={search_term_string}\"},\"query-input\":\"required name=search_term_string\"}],\"inLanguage\":\"ca\"},{\"@type\":\"Organization\",\"@id\":\"https:\/\/trafebe.org\/ca\/#organization\",\"name\":\"Trafebe Transporte de mercanc\u00edas\",\"url\":\"https:\/\/trafebe.org\/ca\/\",\"logo\":{\"@type\":\"ImageObject\",\"inLanguage\":\"ca\",\"@id\":\"https:\/\/trafebe.org\/ca\/#\/schema\/logo\/image\/\",\"url\":\"https:\/\/trafebe.org\/wp-content\/uploads\/2023\/04\/logo.png\",\"contentUrl\":\"https:\/\/trafebe.org\/wp-content\/uploads\/2023\/04\/logo.png\",\"width\":250,\"height\":82,\"caption\":\"Trafebe Transporte de mercanc\u00edas\"},\"image\":{\"@id\":\"https:\/\/trafebe.org\/ca\/#\/schema\/logo\/image\/\"}}]}<\/script>\n<!-- \/ Yoast SEO plugin. -->","yoast_head_json":{"title":"Av\u00eds legal - Trafebe","robots":{"index":"noindex","follow":"follow"},"og_locale":"ca_ES","og_type":"article","og_title":"Av\u00eds legal - Trafebe","og_url":"https:\/\/trafebe.org\/ca\/avis-legal\/","og_site_name":"Trafebe","article_modified_time":"2023-05-30T08:18:40+00:00","og_image":[{"width":250,"height":82,"url":"https:\/\/trafebe.org\/wp-content\/uploads\/2023\/04\/logo.png","type":"image\/png"}],"twitter_card":"summary_large_image","twitter_misc":{"Temps estimat de lectura":"4 minuts"},"schema":{"@context":"https:\/\/schema.org","@graph":[{"@type":"WebPage","@id":"https:\/\/trafebe.org\/ca\/avis-legal\/","url":"https:\/\/trafebe.org\/ca\/avis-legal\/","name":"Av\u00eds legal - Trafebe","isPartOf":{"@id":"https:\/\/trafebe.org\/ca\/#website"},"datePublished":"2022-09-30T11:44:00+00:00","dateModified":"2023-05-30T08:18:40+00:00","breadcrumb":{"@id":"https:\/\/trafebe.org\/ca\/avis-legal\/#breadcrumb"},"inLanguage":"ca","potentialAction":[{"@type":"ReadAction","target":["https:\/\/trafebe.org\/ca\/avis-legal\/"]}]},{"@type":"BreadcrumbList","@id":"https:\/\/trafebe.org\/ca\/avis-legal\/#breadcrumb","itemListElement":[{"@type":"ListItem","position":1,"name":"Portada","item":"https:\/\/trafebe.org\/ca\/"},{"@type":"ListItem","position":2,"name":"Av\u00eds legal"}]},{"@type":"WebSite","@id":"https:\/\/trafebe.org\/ca\/#website","url":"https:\/\/trafebe.org\/ca\/","name":"Trafebe Transporte de mercanc\u00edas","description":"","publisher":{"@id":"https:\/\/trafebe.org\/ca\/#organization"},"potentialAction":[{"@type":"SearchAction","target":{"@type":"EntryPoint","urlTemplate":"https:\/\/trafebe.org\/ca\/?s={search_term_string}"},"query-input":"required name=search_term_string"}],"inLanguage":"ca"},{"@type":"Organization","@id":"https:\/\/trafebe.org\/ca\/#organization","name":"Trafebe Transporte de mercanc\u00edas","url":"https:\/\/trafebe.org\/ca\/","logo":{"@type":"ImageObject","inLanguage":"ca","@id":"https:\/\/trafebe.org\/ca\/#\/schema\/logo\/image\/","url":"https:\/\/trafebe.org\/wp-content\/uploads\/2023\/04\/logo.png","contentUrl":"https:\/\/trafebe.org\/wp-content\/uploads\/2023\/04\/logo.png","width":250,"height":82,"caption":"Trafebe Transporte de mercanc\u00edas"},"image":{"@id":"https:\/\/trafebe.org\/ca\/#\/schema\/logo\/image\/"}}]}},"_links":{"self":[{"href":"https:\/\/trafebe.org\/ca\/wp-json\/wp\/v2\/pages\/426","targetHints":{"allow":["GET"]}}],"collection":[{"href":"https:\/\/trafebe.org\/ca\/wp-json\/wp\/v2\/pages"}],"about":[{"href":"https:\/\/trafebe.org\/ca\/wp-json\/wp\/v2\/types\/page"}],"author":[{"embeddable":true,"href":"https:\/\/trafebe.org\/ca\/wp-json\/wp\/v2\/users\/1"}],"replies":[{"embeddable":true,"href":"https:\/\/trafebe.org\/ca\/wp-json\/wp\/v2\/comments?post=426"}],"version-history":[{"count":2,"href":"https:\/\/trafebe.org\/ca\/wp-json\/wp\/v2\/pages\/426\/revisions"}],"predecessor-version":[{"id":428,"href":"https:\/\/trafebe.org\/ca\/wp-json\/wp\/v2\/pages\/426\/revisions\/428"}],"wp:attachment":[{"href":"https:\/\/trafebe.org\/ca\/wp-json\/wp\/v2\/media?parent=426"}],"curies":[{"name":"wp","href":"https:\/\/api.w.org\/{rel}","templated":true}]}}