{"id":396,"date":"2023-04-20T10:27:17","date_gmt":"2023-04-20T08:27:17","guid":{"rendered":"https:\/\/trafebe.org\/certificacions\/"},"modified":"2025-10-30T13:23:48","modified_gmt":"2025-10-30T11:23:48","slug":"certificacions","status":"publish","type":"page","link":"https:\/\/trafebe.org\/ca\/certificacions\/","title":{"rendered":"Certificacions"},"content":{"rendered":"<section class=\"l-section wpb_row us_custom_7e20fa79 us_animate_this height_large\" id=\"calidad\"><div class=\"l-section-h i-cf\"><div class=\"g-cols vc_row via_flex valign_middle type_default stacking_default\"><div class=\"vc_col-sm-12 wpb_column vc_column_container\"><div class=\"vc_column-inner\"><div class=\"wpb_wrapper\"><div class=\"wpb_text_column\"><div class=\"wpb_wrapper\"><h2 style=\"text-align: left;\">Certificacions de <span style=\"color: var(--color-content-primary);\">Qualitat<\/span><\/h2>\n<\/div><\/div><div class=\"w-separator size_small with_line width_30 thick_2 style_solid color_primary align_left\"><div class=\"w-separator-h\"><\/div><\/div><div class=\"g-cols wpb_row via_flex valign_top type_default stacking_default\" style=\"--additional-gap:1.5rem;\"><div class=\"vc_col-sm-8 wpb_column vc_column_container\"><div class=\"vc_column-inner\"><div class=\"wpb_wrapper\"><div class=\"wpb_text_column us_custom_432d3f53\"><div class=\"wpb_wrapper\"><p>La nostra empresa est\u00e0 certificada a NORMA ISO 9001 I NORMA UN ISO- 14001: 2015- de sistema de gesti\u00f3 ambiental.<\/p>\n<\/div><\/div><\/div><\/div><\/div><div class=\"vc_col-sm-4 wpb_column vc_column_container\"><div class=\"vc_column-inner\"><div class=\"wpb_wrapper\"><div class=\"w-image align_none\"><div class=\"w-image-h\"><img loading=\"lazy\" decoding=\"async\" width=\"300\" height=\"130\" src=\"https:\/\/trafebe.org\/wp-content\/uploads\/2023\/04\/iso-9001.jpg\" class=\"attachment-full size-full\" alt=\"iso 9001\" \/><\/div><\/div><\/div><\/div><\/div><\/div><\/div><\/div><\/div><\/div><\/div><\/section><section class=\"l-section wpb_row us_custom_7e20fa79 us_animate_this height_auto\" id=\"medio-ambiente\"><div class=\"l-section-h i-cf\"><div class=\"g-cols vc_row via_flex valign_top type_default stacking_default\"><div class=\"vc_col-sm-12 wpb_column vc_column_container\"><div class=\"vc_column-inner\"><div class=\"wpb_wrapper\"><div class=\"wpb_text_column\"><div class=\"wpb_wrapper\"><h2 style=\"text-align: left;\">Medi ambient i <span style=\"color: var(--color-content-primary);\">Responsabilitat social<\/span><\/h2>\n<\/div><\/div><div class=\"w-separator size_small with_line width_30 thick_2 style_solid color_primary align_left\"><div class=\"w-separator-h\"><\/div><\/div><div class=\"g-cols wpb_row via_flex valign_top type_default stacking_default\" style=\"--additional-gap:1.5rem;\"><div class=\"vc_col-sm-8 wpb_column vc_column_container\"><div class=\"vc_column-inner\"><div class=\"wpb_wrapper\"><div class=\"wpb_text_column us_custom_432d3f53 certificaciones\"><div class=\"wpb_wrapper\"><div class=\"wpb_text_column wpb_content_element \">\n<div class=\"wpb_wrapper\">\n<p>Des de fa ja alguns anys hem comprovat la necessitat que les empreses del sector log\u00edstic en prenguem consci\u00e8ncia i e<strong>ns responsabilitzem amb la cura i la protecci\u00f3 del medi ambient.<\/strong><\/p>\n<p>La nostra filosofia pel que fa a responsabilitat social es basa a <strong>canviar i millorar la nostra maquin\u00e0ria<\/strong>, aplicant totes les pol\u00edtiques europees i mundials necess\u00e0ries per <strong>reduir les emissions de CO2<\/strong>.<\/p>\n<\/div>\n<\/div>\n<div class=\"q_list circle\">\n<ul>\n<li>El 100% de la nostra flota \u00e9s EURO VI s\u00e8rie E, amb una antiguitat inferior a 3 anys.<\/li>\n<li>Comptem amb la certificaci\u00f3 segons la NORMA UNE\u2013EN\u2013ISO-14001: 2015- de sistema de gesti\u00f3 ambiental.<\/li>\n<li>Apostem per la formaci\u00f3 continua dels nostres treballadors i especialment dels nostres conductors per motivar-los a fer una conducci\u00f3 eficient i reduir les emissions de CO2.<\/li>\n<li>Controlem la petjada de carboni en el conjunt de l\u2019empresa.<\/li>\n<\/ul>\n<\/div>\n<\/div><\/div><\/div><\/div><\/div><div class=\"vc_col-sm-4 wpb_column vc_column_container\"><div class=\"vc_column-inner\"><div class=\"wpb_wrapper\"><div class=\"w-image align_none\"><div class=\"w-image-h\"><img loading=\"lazy\" decoding=\"async\" width=\"300\" height=\"130\" src=\"https:\/\/trafebe.org\/wp-content\/uploads\/2023\/04\/iso-14001.jpg\" class=\"attachment-full size-full\" alt=\"iso 14001\" \/><\/div><\/div><\/div><\/div><\/div><\/div><div class=\"w-separator size_large\"><\/div><\/div><\/div><\/div><\/div><\/div><\/section><section class=\"l-section wpb_row us_custom_7e20fa79 us_animate_this height_auto\" id=\"medio-ambiente\"><div class=\"l-section-h i-cf\"><div class=\"g-cols vc_row via_flex valign_top type_default stacking_default\"><div class=\"vc_col-sm-12 wpb_column vc_column_container\"><div class=\"vc_column-inner\"><div class=\"wpb_wrapper\"><div class=\"wpb_text_column\"><div class=\"wpb_wrapper\"><h2 style=\"text-align: left;\"><strong data-start=\"148\" data-end=\"223\">III Edici\u00f3 del Programa de<br \/>\nCapacitaci\u00f3 de Prove\u00efdors Sostenibles<\/strong><\/h2>\n<\/div><\/div><div class=\"w-separator size_small with_line width_30 thick_2 style_solid color_primary align_left\"><div class=\"w-separator-h\"><\/div><\/div><div class=\"g-cols wpb_row via_flex valign_top type_default stacking_default\" style=\"--additional-gap:1.5rem;\"><div class=\"vc_col-sm-8 wpb_column vc_column_container\"><div class=\"vc_column-inner\"><div class=\"wpb_wrapper\"><div class=\"wpb_text_column us_custom_432d3f53 certificaciones\"><div class=\"wpb_wrapper\"><div class=\"wpb_text_column wpb_content_element \">\n<div class=\"wpb_wrapper\">\n<p>Ens enorgulleix compartir que <strong data-start=\"85\" data-end=\"127\">Transportes Fern\u00e1ndez y Belmonte, S.L.<\/strong> ha participat en la <strong data-start=\"148\" data-end=\"223\">III Edici\u00f3 del Programa de Capacitaci\u00f3 de Prove\u00efdors Sostenibles (2025),<\/strong>\u00a0reafirmant el nostre comprom\u00eds amb la sostenibilitat i els Objectius de Desenvolupament Sostenible.<\/p>\n<\/div>\n<\/div>\n<\/div><\/div><\/div><\/div><\/div><div class=\"vc_col-sm-4 wpb_column vc_column_container\"><div class=\"vc_column-inner\"><div class=\"wpb_wrapper\"><div class=\"w-image align_none\"><div class=\"w-image-h\"><img loading=\"lazy\" decoding=\"async\" width=\"400\" height=\"284\" src=\"https:\/\/trafebe.org\/wp-content\/uploads\/2025\/10\/certificado-programa-capacitacion-proveedores-sostenibles.png\" class=\"attachment-full size-full\" alt=\"certificado-programa-capacitacion-proveedores-sostenibles\" srcset=\"https:\/\/trafebe.org\/wp-content\/uploads\/2025\/10\/certificado-programa-capacitacion-proveedores-sostenibles.png 400w, https:\/\/trafebe.org\/wp-content\/uploads\/2025\/10\/certificado-programa-capacitacion-proveedores-sostenibles-300x213.png 300w\" sizes=\"auto, (max-width: 400px) 100vw, 400px\" \/><\/div><\/div><\/div><\/div><\/div><\/div><div class=\"w-separator size_large\"><\/div><\/div><\/div><\/div><\/div><\/div><\/section><section class=\"l-section wpb_row us_custom_6e324a0d us_animate_this height_auto\" id=\"placas-solares\"><div class=\"l-section-overlay\" style=\"background:var(--color-content-bg)\"><\/div><div class=\"l-section-h i-cf\"><div class=\"g-cols vc_row via_flex valign_top type_default stacking_default\"><div class=\"vc_col-sm-12 wpb_column vc_column_container\"><div class=\"vc_column-inner\"><div class=\"wpb_wrapper\"><div class=\"wpb_text_column\"><div class=\"wpb_wrapper\"><h2 style=\"text-align: left;\">Next Generation de les <span style=\"color: var(--color-content-primary);\">Plaques Solars<\/span><\/h2>\n<\/div><\/div><div class=\"w-separator size_small with_line width_30 thick_2 style_solid color_primary align_left\"><div class=\"w-separator-h\"><\/div><\/div><div class=\"g-cols wpb_row via_flex valign_top type_default stacking_default\" style=\"--additional-gap:1.5rem;\"><div class=\"vc_col-sm-8 wpb_column vc_column_container\"><div class=\"vc_column-inner\"><div class=\"wpb_wrapper\"><div class=\"wpb_text_column us_custom_432d3f53 certificaciones\"><div class=\"wpb_wrapper\"><div class=\"wpb_text_column wpb_content_element \">\n<div class=\"wpb_wrapper\">\n<p>L\u2019 empresa TRAFEBE avan\u00e7a cap a la sostenibilitat amb l&#8217;Instal\u00b7laci\u00f3 de panells fotovoltaics.<\/p>\n<p>L\u2019Empresa ha fet un pas m\u00e9s en el seu comprom\u00eds cap a la sostenibilitat introduint un nou model de consum respectu\u00f3s amb el medi.<\/p>\n<p>Aquest projecte, finan\u00e7at pels Fons Next Generation EU dins del Pla de recuperaci\u00f3, transformaci\u00f3 i resili\u00e8ncia, \u00e9s part de la nostra estrat\u00e8gia per assolir un consum i producci\u00f3 d\u2019energia 100% renovable i de les inicatives centrades en la transici\u00f3 cap a energies m\u00e9s sostenibles que contribueixin a la reducci\u00f3 d\u2019emissions de CO2.<\/p>\n<\/div>\n<\/div>\n<\/div><\/div><\/div><\/div><\/div><div class=\"vc_col-sm-4 wpb_column vc_column_container\"><div class=\"vc_column-inner\"><div class=\"wpb_wrapper\"><div class=\"w-hwrapper align_center valign_middle\" style=\"--hwrapper-gap:1.20rem\"><div class=\"w-image align_none\"><div class=\"w-image-h\"><img decoding=\"async\" src=\"https:\/\/trafebe.org\/wp-content\/uploads\/2024\/07\/Logotipo_del_Plan_de_Recuperacion_Transformacion_y_Resiliencia.svg\" class=\"attachment-full size-full\" alt=\"\" \/><\/div><\/div><div class=\"w-image align_none\"><div class=\"w-image-h\"><img loading=\"lazy\" decoding=\"async\" width=\"971\" height=\"257\" src=\"https:\/\/trafebe.org\/wp-content\/uploads\/2024\/07\/NextGenerationCatalunya-removebg-preview.png\" class=\"attachment-full size-full\" alt=\"\" srcset=\"https:\/\/trafebe.org\/wp-content\/uploads\/2024\/07\/NextGenerationCatalunya-removebg-preview.png 971w, https:\/\/trafebe.org\/wp-content\/uploads\/2024\/07\/NextGenerationCatalunya-removebg-preview-300x79.png 300w\" sizes=\"auto, (max-width: 971px) 100vw, 971px\" \/><\/div><\/div><\/div><div class=\"w-separator size_medium\"><\/div><div class=\"w-hwrapper align_center valign_middle\" style=\"--hwrapper-gap:1.20rem\"><div class=\"w-image align_none\"><div class=\"w-image-h\"><img loading=\"lazy\" decoding=\"async\" width=\"313\" height=\"93\" src=\"https:\/\/trafebe.org\/wp-content\/uploads\/2024\/07\/MINISTERIO_DE_ECONOMIA-removebg-preview.png\" class=\"attachment-full size-full\" alt=\"\" srcset=\"https:\/\/trafebe.org\/wp-content\/uploads\/2024\/07\/MINISTERIO_DE_ECONOMIA-removebg-preview.png 313w, https:\/\/trafebe.org\/wp-content\/uploads\/2024\/07\/MINISTERIO_DE_ECONOMIA-removebg-preview-300x89.png 300w\" sizes=\"auto, (max-width: 313px) 100vw, 313px\" \/><\/div><\/div><div class=\"w-image align_none\"><div class=\"w-image-h\"><img loading=\"lazy\" decoding=\"async\" width=\"333\" height=\"90\" src=\"https:\/\/trafebe.org\/wp-content\/uploads\/2024\/07\/GENERALITAT_DE_CATALUNYA-removebg-preview.png\" class=\"attachment-full size-full\" alt=\"\" srcset=\"https:\/\/trafebe.org\/wp-content\/uploads\/2024\/07\/GENERALITAT_DE_CATALUNYA-removebg-preview.png 333w, https:\/\/trafebe.org\/wp-content\/uploads\/2024\/07\/GENERALITAT_DE_CATALUNYA-removebg-preview-300x81.png 300w\" sizes=\"auto, (max-width: 333px) 100vw, 333px\" \/><\/div><\/div><\/div><\/div><\/div><\/div><\/div><div class=\"w-separator size_large\"><\/div><\/div><\/div><\/div><\/div><\/div><\/section>\n","protected":false},"excerpt":{"rendered":"Certificacions de Qualitat La nostra empresa est\u00e0 certificada a NORMA ISO 9001 I NORMA UN ISO- 14001: 2015- de sistema de gesti\u00f3 ambiental. Medi ambient i Responsabilitat social Des de fa ja alguns anys hem comprovat la necessitat que les empreses del sector log\u00edstic en prenguem consci\u00e8ncia i ens responsabilitzem amb la cura i la...","protected":false},"author":1,"featured_media":366,"parent":0,"menu_order":0,"comment_status":"closed","ping_status":"closed","template":"","meta":{"footnotes":""},"class_list":["post-396","page","type-page","status-publish","has-post-thumbnail","hentry"],"yoast_head":"<!-- This site is optimized with the Yoast SEO plugin v20.8 - https:\/\/yoast.com\/wordpress\/plugins\/seo\/ -->\n<title>Certificacions - Trafebe<\/title>\n<meta name=\"robots\" content=\"index, follow, max-snippet:-1, max-image-preview:large, max-video-preview:-1\" \/>\n<link rel=\"canonical\" href=\"https:\/\/trafebe.org\/ca\/certificacions\/\" \/>\n<meta property=\"og:locale\" content=\"ca_ES\" \/>\n<meta property=\"og:type\" content=\"article\" \/>\n<meta property=\"og:title\" content=\"Certificacions - Trafebe\" \/>\n<meta property=\"og:url\" content=\"https:\/\/trafebe.org\/ca\/certificacions\/\" \/>\n<meta property=\"og:site_name\" content=\"Trafebe\" \/>\n<meta property=\"article:modified_time\" content=\"2025-10-30T11:23:48+00:00\" \/>\n<meta property=\"og:image\" content=\"https:\/\/trafebe.org\/wp-content\/uploads\/2023\/04\/granel.jpg\" \/>\n\t<meta property=\"og:image:width\" content=\"1024\" \/>\n\t<meta property=\"og:image:height\" content=\"682\" \/>\n\t<meta property=\"og:image:type\" content=\"image\/jpeg\" \/>\n<meta name=\"twitter:card\" content=\"summary_large_image\" \/>\n<meta name=\"twitter:label1\" content=\"Temps estimat de lectura\" \/>\n\t<meta name=\"twitter:data1\" content=\"2 minuts\" \/>\n<script type=\"application\/ld+json\" class=\"yoast-schema-graph\">{\"@context\":\"https:\/\/schema.org\",\"@graph\":[{\"@type\":\"WebPage\",\"@id\":\"https:\/\/trafebe.org\/ca\/certificacions\/\",\"url\":\"https:\/\/trafebe.org\/ca\/certificacions\/\",\"name\":\"Certificacions - Trafebe\",\"isPartOf\":{\"@id\":\"https:\/\/trafebe.org\/ca\/#website\"},\"datePublished\":\"2023-04-20T08:27:17+00:00\",\"dateModified\":\"2025-10-30T11:23:48+00:00\",\"breadcrumb\":{\"@id\":\"https:\/\/trafebe.org\/ca\/certificacions\/#breadcrumb\"},\"inLanguage\":\"ca\",\"potentialAction\":[{\"@type\":\"ReadAction\",\"target\":[\"https:\/\/trafebe.org\/ca\/certificacions\/\"]}]},{\"@type\":\"BreadcrumbList\",\"@id\":\"https:\/\/trafebe.org\/ca\/certificacions\/#breadcrumb\",\"itemListElement\":[{\"@type\":\"ListItem\",\"position\":1,\"name\":\"Portada\",\"item\":\"https:\/\/trafebe.org\/ca\/\"},{\"@type\":\"ListItem\",\"position\":2,\"name\":\"Certificacions\"}]},{\"@type\":\"WebSite\",\"@id\":\"https:\/\/trafebe.org\/ca\/#website\",\"url\":\"https:\/\/trafebe.org\/ca\/\",\"name\":\"Trafebe Transporte de mercanc\u00edas\",\"description\":\"\",\"publisher\":{\"@id\":\"https:\/\/trafebe.org\/ca\/#organization\"},\"potentialAction\":[{\"@type\":\"SearchAction\",\"target\":{\"@type\":\"EntryPoint\",\"urlTemplate\":\"https:\/\/trafebe.org\/ca\/?s={search_term_string}\"},\"query-input\":\"required name=search_term_string\"}],\"inLanguage\":\"ca\"},{\"@type\":\"Organization\",\"@id\":\"https:\/\/trafebe.org\/ca\/#organization\",\"name\":\"Trafebe Transporte de mercanc\u00edas\",\"url\":\"https:\/\/trafebe.org\/ca\/\",\"logo\":{\"@type\":\"ImageObject\",\"inLanguage\":\"ca\",\"@id\":\"https:\/\/trafebe.org\/ca\/#\/schema\/logo\/image\/\",\"url\":\"https:\/\/trafebe.org\/wp-content\/uploads\/2023\/04\/logo.png\",\"contentUrl\":\"https:\/\/trafebe.org\/wp-content\/uploads\/2023\/04\/logo.png\",\"width\":250,\"height\":82,\"caption\":\"Trafebe Transporte de mercanc\u00edas\"},\"image\":{\"@id\":\"https:\/\/trafebe.org\/ca\/#\/schema\/logo\/image\/\"}}]}<\/script>\n<!-- \/ Yoast SEO plugin. -->","yoast_head_json":{"title":"Certificacions - Trafebe","robots":{"index":"index","follow":"follow","max-snippet":"max-snippet:-1","max-image-preview":"max-image-preview:large","max-video-preview":"max-video-preview:-1"},"canonical":"https:\/\/trafebe.org\/ca\/certificacions\/","og_locale":"ca_ES","og_type":"article","og_title":"Certificacions - Trafebe","og_url":"https:\/\/trafebe.org\/ca\/certificacions\/","og_site_name":"Trafebe","article_modified_time":"2025-10-30T11:23:48+00:00","og_image":[{"width":1024,"height":682,"url":"https:\/\/trafebe.org\/wp-content\/uploads\/2023\/04\/granel.jpg","type":"image\/jpeg"}],"twitter_card":"summary_large_image","twitter_misc":{"Temps estimat de lectura":"2 minuts"},"schema":{"@context":"https:\/\/schema.org","@graph":[{"@type":"WebPage","@id":"https:\/\/trafebe.org\/ca\/certificacions\/","url":"https:\/\/trafebe.org\/ca\/certificacions\/","name":"Certificacions - Trafebe","isPartOf":{"@id":"https:\/\/trafebe.org\/ca\/#website"},"datePublished":"2023-04-20T08:27:17+00:00","dateModified":"2025-10-30T11:23:48+00:00","breadcrumb":{"@id":"https:\/\/trafebe.org\/ca\/certificacions\/#breadcrumb"},"inLanguage":"ca","potentialAction":[{"@type":"ReadAction","target":["https:\/\/trafebe.org\/ca\/certificacions\/"]}]},{"@type":"BreadcrumbList","@id":"https:\/\/trafebe.org\/ca\/certificacions\/#breadcrumb","itemListElement":[{"@type":"ListItem","position":1,"name":"Portada","item":"https:\/\/trafebe.org\/ca\/"},{"@type":"ListItem","position":2,"name":"Certificacions"}]},{"@type":"WebSite","@id":"https:\/\/trafebe.org\/ca\/#website","url":"https:\/\/trafebe.org\/ca\/","name":"Trafebe Transporte de mercanc\u00edas","description":"","publisher":{"@id":"https:\/\/trafebe.org\/ca\/#organization"},"potentialAction":[{"@type":"SearchAction","target":{"@type":"EntryPoint","urlTemplate":"https:\/\/trafebe.org\/ca\/?s={search_term_string}"},"query-input":"required name=search_term_string"}],"inLanguage":"ca"},{"@type":"Organization","@id":"https:\/\/trafebe.org\/ca\/#organization","name":"Trafebe Transporte de mercanc\u00edas","url":"https:\/\/trafebe.org\/ca\/","logo":{"@type":"ImageObject","inLanguage":"ca","@id":"https:\/\/trafebe.org\/ca\/#\/schema\/logo\/image\/","url":"https:\/\/trafebe.org\/wp-content\/uploads\/2023\/04\/logo.png","contentUrl":"https:\/\/trafebe.org\/wp-content\/uploads\/2023\/04\/logo.png","width":250,"height":82,"caption":"Trafebe Transporte de mercanc\u00edas"},"image":{"@id":"https:\/\/trafebe.org\/ca\/#\/schema\/logo\/image\/"}}]}},"_links":{"self":[{"href":"https:\/\/trafebe.org\/ca\/wp-json\/wp\/v2\/pages\/396","targetHints":{"allow":["GET"]}}],"collection":[{"href":"https:\/\/trafebe.org\/ca\/wp-json\/wp\/v2\/pages"}],"about":[{"href":"https:\/\/trafebe.org\/ca\/wp-json\/wp\/v2\/types\/page"}],"author":[{"embeddable":true,"href":"https:\/\/trafebe.org\/ca\/wp-json\/wp\/v2\/users\/1"}],"replies":[{"embeddable":true,"href":"https:\/\/trafebe.org\/ca\/wp-json\/wp\/v2\/comments?post=396"}],"version-history":[{"count":10,"href":"https:\/\/trafebe.org\/ca\/wp-json\/wp\/v2\/pages\/396\/revisions"}],"predecessor-version":[{"id":1051,"href":"https:\/\/trafebe.org\/ca\/wp-json\/wp\/v2\/pages\/396\/revisions\/1051"}],"wp:featuredmedia":[{"embeddable":true,"href":"https:\/\/trafebe.org\/ca\/wp-json\/wp\/v2\/media\/366"}],"wp:attachment":[{"href":"https:\/\/trafebe.org\/ca\/wp-json\/wp\/v2\/media?parent=396"}],"curies":[{"name":"wp","href":"https:\/\/api.w.org\/{rel}","templated":true}]}}